{"id":435,"date":"2024-06-25T09:58:37","date_gmt":"2024-06-25T09:58:37","guid":{"rendered":"https:\/\/www.espositoresearch.com\/?page_id=435"},"modified":"2024-06-25T10:37:43","modified_gmt":"2024-06-25T10:37:43","slug":"mentions-legales","status":"publish","type":"page","link":"https:\/\/www.espositoresearch.com\/fr\/mentions-legales\/","title":{"rendered":"Mentions l\u00e9gales"},"content":{"rendered":"\n<p>La version fran\u00e7aise de notre site internet https:\/\/esposito.com\/ est en d\u00e9veloppement. Pour toute question ayant trait \u00e0 nos services ou aux param\u00e8tres de notre site internet veuillez nous contacter \u00e0 cette adresse : info@espositoresearch.com.<\/p>\n\n\n\n<p>En vertu de l\u2019article 6 de la loi n\u00b0 2004-575 du 21 juin 2004 pour la confiance dans l\u2019\u00e9conomie num\u00e9rique, l\u2019identit\u00e9 des intervenants prenant part \u00e0 la r\u00e9alisation ou le suivi de notre site internet https:\/\/esposito.com\/ est pr\u00e9cis\u00e9e comme suit:<br><\/p>\n\n\n\n<p>Propri\u00e9taire: ESPOSITO RESEARCH &amp; STRATEGY S.A.S. (Nom commercial : ESPOSITO ETUDES) \u2013 Capital social de 15 000\u20ac \u2013 Si\u00e8ge social: 8 Rue Pierre-Gilles de Gennes &#8211; 76130 MONT ST AIGNAN (FRANCE) &#8211; Immatriculation num\u00e9ro 892 492 307 Registre du Commerce et des Soci\u00e9t\u00e9s de Rouen.<br><\/p>\n\n\n\n<p>Responsable publication: Muriel ESPOSITO \u2013 info@espositoresearch.com. Le responsable publication est une personne physique.<br><\/p>\n\n\n\n<p>Design &amp; maintien du site: Warren IT Services Limited \u2013 support@warrenitservices.co.uk. Le responsable design &amp; maintien du site est une personne morale.<br><\/p>\n\n\n\n<p>H\u00e9bergeur: Warren IT Services Limited \/ Krystal Hosting Limited. &#8211; support@warrenitservices.co.uk. L\u2019 h\u00e9bergeur est une personne morale.<br><\/p>\n","protected":false},"excerpt":{"rendered":"<p>La version fran\u00e7aise de notre site internet https:\/\/esposito.com\/ est en d\u00e9veloppement. Pour toute question ayant trait \u00e0 nos services ou aux param\u00e8tres de notre site internet veuillez nous contacter \u00e0 cette adresse : info@espositoresearch.com. En vertu de l\u2019article 6 de la loi n\u00b0 2004-575 du 21 juin 2004 pour la confiance dans l\u2019\u00e9conomie num\u00e9rique, l\u2019identit\u00e9 [&hellip;]<\/p>\n","protected":false},"author":1,"featured_media":0,"parent":0,"menu_order":0,"comment_status":"closed","ping_status":"closed","template":"template-content-boxed.php","meta":{"_acf_changed":false,"footnotes":""},"class_list":["post-435","page","type-page","status-publish","hentry"],"acf":[],"_links":{"self":[{"href":"https:\/\/www.espositoresearch.com\/fr\/wp-json\/wp\/v2\/pages\/435","targetHints":{"allow":["GET"]}}],"collection":[{"href":"https:\/\/www.espositoresearch.com\/fr\/wp-json\/wp\/v2\/pages"}],"about":[{"href":"https:\/\/www.espositoresearch.com\/fr\/wp-json\/wp\/v2\/types\/page"}],"author":[{"embeddable":true,"href":"https:\/\/www.espositoresearch.com\/fr\/wp-json\/wp\/v2\/users\/1"}],"replies":[{"embeddable":true,"href":"https:\/\/www.espositoresearch.com\/fr\/wp-json\/wp\/v2\/comments?post=435"}],"version-history":[{"count":4,"href":"https:\/\/www.espositoresearch.com\/fr\/wp-json\/wp\/v2\/pages\/435\/revisions"}],"predecessor-version":[{"id":446,"href":"https:\/\/www.espositoresearch.com\/fr\/wp-json\/wp\/v2\/pages\/435\/revisions\/446"}],"wp:attachment":[{"href":"https:\/\/www.espositoresearch.com\/fr\/wp-json\/wp\/v2\/media?parent=435"}],"curies":[{"name":"wp","href":"https:\/\/api.w.org\/{rel}","templated":true}]}}